{"id":1821,"date":"2026-02-27T22:26:13","date_gmt":"2026-02-27T21:26:13","guid":{"rendered":"https:\/\/kapry.fr\/?page_id=1821"},"modified":"2026-03-24T11:34:40","modified_gmt":"2026-03-24T10:34:40","slug":"brehec","status":"publish","type":"page","link":"https:\/\/kapry.fr\/index.php\/brehec\/","title":{"rendered":"Sur la plage : Br\u00e9hec"},"content":{"rendered":"\n<p>La plage, espace d&rsquo;une nature et d&rsquo;une soci\u00e9t\u00e9 r\u00eav\u00e9es? Espace d&rsquo;un lien privil\u00e9gi\u00e9 avec la nature?<\/p>\n\n\n\n<figure class=\"wp-block-image size-large\"><img loading=\"lazy\" decoding=\"async\" width=\"1024\" height=\"683\" src=\"https:\/\/kapry.fr\/wp-content\/uploads\/2026\/03\/DSC02614-1024x683.jpg\" alt=\"\" class=\"wp-image-1937\" srcset=\"https:\/\/kapry.fr\/wp-content\/uploads\/2026\/03\/DSC02614-1024x683.jpg 1024w, https:\/\/kapry.fr\/wp-content\/uploads\/2026\/03\/DSC02614-300x200.jpg 300w, https:\/\/kapry.fr\/wp-content\/uploads\/2026\/03\/DSC02614-768x512.jpg 768w, https:\/\/kapry.fr\/wp-content\/uploads\/2026\/03\/DSC02614-1536x1024.jpg 1536w, https:\/\/kapry.fr\/wp-content\/uploads\/2026\/03\/DSC02614.jpg 1920w\" sizes=\"auto, (max-width: 1024px) 100vw, 1024px\" \/><\/figure>\n\n\n\n<figure class=\"wp-block-image size-large\"><img loading=\"lazy\" decoding=\"async\" width=\"1024\" height=\"683\" src=\"https:\/\/kapry.fr\/wp-content\/uploads\/2026\/03\/DSC08863-1024x683.jpg\" alt=\"\" class=\"wp-image-1938\" srcset=\"https:\/\/kapry.fr\/wp-content\/uploads\/2026\/03\/DSC08863-1024x683.jpg 1024w, https:\/\/kapry.fr\/wp-content\/uploads\/2026\/03\/DSC08863-300x200.jpg 300w, https:\/\/kapry.fr\/wp-content\/uploads\/2026\/03\/DSC08863-768x512.jpg 768w, https:\/\/kapry.fr\/wp-content\/uploads\/2026\/03\/DSC08863-1536x1024.jpg 1536w, https:\/\/kapry.fr\/wp-content\/uploads\/2026\/03\/DSC08863.jpg 1920w\" sizes=\"auto, (max-width: 1024px) 100vw, 1024px\" \/><\/figure>\n\n\n\n<figure class=\"wp-block-image size-large\"><img loading=\"lazy\" decoding=\"async\" width=\"1024\" height=\"683\" src=\"https:\/\/kapry.fr\/wp-content\/uploads\/2026\/03\/DSC07723-3-1024x683.jpg\" alt=\"\" class=\"wp-image-1875\" srcset=\"https:\/\/kapry.fr\/wp-content\/uploads\/2026\/03\/DSC07723-3-1024x683.jpg 1024w, https:\/\/kapry.fr\/wp-content\/uploads\/2026\/03\/DSC07723-3-300x200.jpg 300w, https:\/\/kapry.fr\/wp-content\/uploads\/2026\/03\/DSC07723-3-768x512.jpg 768w, https:\/\/kapry.fr\/wp-content\/uploads\/2026\/03\/DSC07723-3-1536x1024.jpg 1536w, https:\/\/kapry.fr\/wp-content\/uploads\/2026\/03\/DSC07723-3-2048x1365.jpg 2048w\" sizes=\"auto, (max-width: 1024px) 100vw, 1024px\" \/><\/figure>\n\n\n\n<figure class=\"wp-block-image size-large\"><img loading=\"lazy\" decoding=\"async\" width=\"1024\" height=\"683\" src=\"https:\/\/kapry.fr\/wp-content\/uploads\/2026\/03\/DSC07243-1024x683.jpg\" alt=\"\" class=\"wp-image-1939\" srcset=\"https:\/\/kapry.fr\/wp-content\/uploads\/2026\/03\/DSC07243-1024x683.jpg 1024w, https:\/\/kapry.fr\/wp-content\/uploads\/2026\/03\/DSC07243-300x200.jpg 300w, https:\/\/kapry.fr\/wp-content\/uploads\/2026\/03\/DSC07243-768x512.jpg 768w, https:\/\/kapry.fr\/wp-content\/uploads\/2026\/03\/DSC07243-1536x1024.jpg 1536w, https:\/\/kapry.fr\/wp-content\/uploads\/2026\/03\/DSC07243.jpg 1920w\" sizes=\"auto, (max-width: 1024px) 100vw, 1024px\" \/><\/figure>\n\n\n\n<figure class=\"wp-block-image size-large\"><img loading=\"lazy\" decoding=\"async\" width=\"1024\" height=\"683\" src=\"https:\/\/kapry.fr\/wp-content\/uploads\/2026\/03\/DSC05461-1024x683.jpg\" alt=\"\" class=\"wp-image-1954\" srcset=\"https:\/\/kapry.fr\/wp-content\/uploads\/2026\/03\/DSC05461-1024x683.jpg 1024w, https:\/\/kapry.fr\/wp-content\/uploads\/2026\/03\/DSC05461-300x200.jpg 300w, https:\/\/kapry.fr\/wp-content\/uploads\/2026\/03\/DSC05461-768x512.jpg 768w, https:\/\/kapry.fr\/wp-content\/uploads\/2026\/03\/DSC05461-1536x1024.jpg 1536w, https:\/\/kapry.fr\/wp-content\/uploads\/2026\/03\/DSC05461-2048x1365.jpg 2048w\" sizes=\"auto, (max-width: 1024px) 100vw, 1024px\" \/><\/figure>\n\n\n\n<figure class=\"wp-block-image size-large\"><img loading=\"lazy\" decoding=\"async\" width=\"1024\" height=\"1024\" src=\"https:\/\/kapry.fr\/wp-content\/uploads\/2026\/03\/DSC00216-1024x1024.jpg\" alt=\"\" class=\"wp-image-1940\" srcset=\"https:\/\/kapry.fr\/wp-content\/uploads\/2026\/03\/DSC00216-1024x1024.jpg 1024w, https:\/\/kapry.fr\/wp-content\/uploads\/2026\/03\/DSC00216-300x300.jpg 300w, https:\/\/kapry.fr\/wp-content\/uploads\/2026\/03\/DSC00216-150x150.jpg 150w, https:\/\/kapry.fr\/wp-content\/uploads\/2026\/03\/DSC00216-768x768.jpg 768w, https:\/\/kapry.fr\/wp-content\/uploads\/2026\/03\/DSC00216-1536x1536.jpg 1536w, https:\/\/kapry.fr\/wp-content\/uploads\/2026\/03\/DSC00216.jpg 1920w\" sizes=\"auto, (max-width: 1024px) 100vw, 1024px\" \/><\/figure>\n","protected":false},"excerpt":{"rendered":"<p>La plage, espace d&rsquo;une nature et d&rsquo;une soci\u00e9t\u00e9 r\u00eav\u00e9es? Espace d&rsquo;un lien privil\u00e9gi\u00e9 avec la nature?<\/p>\n","protected":false},"author":1,"featured_media":0,"parent":0,"menu_order":0,"comment_status":"closed","ping_status":"closed","template":"","meta":{"site-sidebar-layout":"default","site-content-layout":"","ast-site-content-layout":"default","site-content-style":"default","site-sidebar-style":"default","ast-global-header-display":"","ast-banner-title-visibility":"","ast-main-header-display":"","ast-hfb-above-header-display":"","ast-hfb-below-header-display":"","ast-hfb-mobile-header-display":"","site-post-title":"","ast-breadcrumbs-content":"","ast-featured-img":"","footer-sml-layout":"","ast-disable-related-posts":"","theme-transparent-header-meta":"","adv-header-id-meta":"","stick-header-meta":"","header-above-stick-meta":"","header-main-stick-meta":"","header-below-stick-meta":"","astra-migrate-meta-layouts":"default","ast-page-background-enabled":"default","ast-page-background-meta":{"desktop":{"background-color":"var(--ast-global-color-5)","background-image":"","background-repeat":"repeat","background-position":"center center","background-size":"auto","background-attachment":"scroll","background-type":"","background-media":"","overlay-type":"","overlay-color":"","overlay-opacity":"","overlay-gradient":""},"tablet":{"background-color":"","background-image":"","background-repeat":"repeat","background-position":"center center","background-size":"auto","background-attachment":"scroll","background-type":"","background-media":"","overlay-type":"","overlay-color":"","overlay-opacity":"","overlay-gradient":""},"mobile":{"background-color":"","background-image":"","background-repeat":"repeat","background-position":"center center","background-size":"auto","background-attachment":"scroll","background-type":"","background-media":"","overlay-type":"","overlay-color":"","overlay-opacity":"","overlay-gradient":""}},"ast-content-background-meta":{"desktop":{"background-color":"var(--ast-global-color-4)","background-image":"","background-repeat":"repeat","background-position":"center center","background-size":"auto","background-attachment":"scroll","background-type":"","background-media":"","overlay-type":"","overlay-color":"","overlay-opacity":"","overlay-gradient":""},"tablet":{"background-color":"var(--ast-global-color-4)","background-image":"","background-repeat":"repeat","background-position":"center center","background-size":"auto","background-attachment":"scroll","background-type":"","background-media":"","overlay-type":"","overlay-color":"","overlay-opacity":"","overlay-gradient":""},"mobile":{"background-color":"var(--ast-global-color-4)","background-image":"","background-repeat":"repeat","background-position":"center center","background-size":"auto","background-attachment":"scroll","background-type":"","background-media":"","overlay-type":"","overlay-color":"","overlay-opacity":"","overlay-gradient":""}},"footnotes":""},"class_list":["post-1821","page","type-page","status-publish","hentry"],"_links":{"self":[{"href":"https:\/\/kapry.fr\/index.php\/wp-json\/wp\/v2\/pages\/1821","targetHints":{"allow":["GET"]}}],"collection":[{"href":"https:\/\/kapry.fr\/index.php\/wp-json\/wp\/v2\/pages"}],"about":[{"href":"https:\/\/kapry.fr\/index.php\/wp-json\/wp\/v2\/types\/page"}],"author":[{"embeddable":true,"href":"https:\/\/kapry.fr\/index.php\/wp-json\/wp\/v2\/users\/1"}],"replies":[{"embeddable":true,"href":"https:\/\/kapry.fr\/index.php\/wp-json\/wp\/v2\/comments?post=1821"}],"version-history":[{"count":11,"href":"https:\/\/kapry.fr\/index.php\/wp-json\/wp\/v2\/pages\/1821\/revisions"}],"predecessor-version":[{"id":1955,"href":"https:\/\/kapry.fr\/index.php\/wp-json\/wp\/v2\/pages\/1821\/revisions\/1955"}],"wp:attachment":[{"href":"https:\/\/kapry.fr\/index.php\/wp-json\/wp\/v2\/media?parent=1821"}],"curies":[{"name":"wp","href":"https:\/\/api.w.org\/{rel}","templated":true}]}}