{"id":1959,"date":"2026-03-24T19:10:22","date_gmt":"2026-03-24T18:10:22","guid":{"rendered":"https:\/\/kapry.fr\/?page_id=1959"},"modified":"2026-03-28T23:44:30","modified_gmt":"2026-03-28T22:44:30","slug":"un-jardin-les-buttes-chaumont","status":"publish","type":"page","link":"https:\/\/kapry.fr\/index.php\/un-jardin-les-buttes-chaumont\/","title":{"rendered":"Un jardin : Les Buttes-Chaumont"},"content":{"rendered":"\n<p>Un jardin en p\u00e9riph\u00e9rie de Paris et \u00e0 la pente marqu\u00e9e. Une fr\u00e9quentation jeune, populaire et bigarr\u00e9e. Ici on peut s&rsquo;allonger dans l&rsquo;herbe. Quand les beaux jours arrivent, les Buttes-Chaumont perdent un peu la t\u00eate.<\/p>\n\n\n\n<figure class=\"wp-block-image size-large\"><img loading=\"lazy\" decoding=\"async\" width=\"1024\" height=\"683\" src=\"https:\/\/kapry.fr\/wp-content\/uploads\/2026\/03\/DSC6793-1024x683.jpg\" alt=\"\" class=\"wp-image-1998\" srcset=\"https:\/\/kapry.fr\/wp-content\/uploads\/2026\/03\/DSC6793-1024x683.jpg 1024w, https:\/\/kapry.fr\/wp-content\/uploads\/2026\/03\/DSC6793-300x200.jpg 300w, https:\/\/kapry.fr\/wp-content\/uploads\/2026\/03\/DSC6793-768x512.jpg 768w, https:\/\/kapry.fr\/wp-content\/uploads\/2026\/03\/DSC6793-1536x1024.jpg 1536w, https:\/\/kapry.fr\/wp-content\/uploads\/2026\/03\/DSC6793.jpg 1920w\" sizes=\"auto, (max-width: 1024px) 100vw, 1024px\" \/><\/figure>\n\n\n\n<figure class=\"wp-block-image size-large\"><img loading=\"lazy\" decoding=\"async\" width=\"1024\" height=\"683\" src=\"https:\/\/kapry.fr\/wp-content\/uploads\/2026\/03\/DSC00533-1024x683.jpg\" alt=\"\" class=\"wp-image-2001\" srcset=\"https:\/\/kapry.fr\/wp-content\/uploads\/2026\/03\/DSC00533-1024x683.jpg 1024w, https:\/\/kapry.fr\/wp-content\/uploads\/2026\/03\/DSC00533-300x200.jpg 300w, https:\/\/kapry.fr\/wp-content\/uploads\/2026\/03\/DSC00533-768x512.jpg 768w, https:\/\/kapry.fr\/wp-content\/uploads\/2026\/03\/DSC00533-1536x1024.jpg 1536w, https:\/\/kapry.fr\/wp-content\/uploads\/2026\/03\/DSC00533.jpg 1920w\" sizes=\"auto, (max-width: 1024px) 100vw, 1024px\" \/><\/figure>\n\n\n\n<figure class=\"wp-block-image size-large\"><img loading=\"lazy\" decoding=\"async\" width=\"1024\" height=\"683\" src=\"https:\/\/kapry.fr\/wp-content\/uploads\/2026\/03\/DSC01575-1024x683.jpg\" alt=\"\" class=\"wp-image-2002\" srcset=\"https:\/\/kapry.fr\/wp-content\/uploads\/2026\/03\/DSC01575-1024x683.jpg 1024w, https:\/\/kapry.fr\/wp-content\/uploads\/2026\/03\/DSC01575-300x200.jpg 300w, https:\/\/kapry.fr\/wp-content\/uploads\/2026\/03\/DSC01575-768x512.jpg 768w, https:\/\/kapry.fr\/wp-content\/uploads\/2026\/03\/DSC01575-1536x1024.jpg 1536w, https:\/\/kapry.fr\/wp-content\/uploads\/2026\/03\/DSC01575.jpg 1920w\" sizes=\"auto, (max-width: 1024px) 100vw, 1024px\" \/><\/figure>\n\n\n\n<figure class=\"wp-block-image size-large\"><img loading=\"lazy\" decoding=\"async\" width=\"1024\" height=\"683\" src=\"https:\/\/kapry.fr\/wp-content\/uploads\/2026\/03\/DSC0449-1024x683.jpg\" alt=\"\" class=\"wp-image-1995\" srcset=\"https:\/\/kapry.fr\/wp-content\/uploads\/2026\/03\/DSC0449-1024x683.jpg 1024w, https:\/\/kapry.fr\/wp-content\/uploads\/2026\/03\/DSC0449-300x200.jpg 300w, https:\/\/kapry.fr\/wp-content\/uploads\/2026\/03\/DSC0449-768x512.jpg 768w, https:\/\/kapry.fr\/wp-content\/uploads\/2026\/03\/DSC0449-1536x1024.jpg 1536w, https:\/\/kapry.fr\/wp-content\/uploads\/2026\/03\/DSC0449.jpg 1920w\" sizes=\"auto, (max-width: 1024px) 100vw, 1024px\" \/><\/figure>\n\n\n\n<figure class=\"wp-block-image size-large\"><img loading=\"lazy\" decoding=\"async\" width=\"683\" height=\"1024\" src=\"https:\/\/kapry.fr\/wp-content\/uploads\/2026\/03\/DSC3880-683x1024.jpg\" alt=\"\" class=\"wp-image-1997\" srcset=\"https:\/\/kapry.fr\/wp-content\/uploads\/2026\/03\/DSC3880-683x1024.jpg 683w, https:\/\/kapry.fr\/wp-content\/uploads\/2026\/03\/DSC3880-200x300.jpg 200w, https:\/\/kapry.fr\/wp-content\/uploads\/2026\/03\/DSC3880-768x1152.jpg 768w, https:\/\/kapry.fr\/wp-content\/uploads\/2026\/03\/DSC3880-1024x1536.jpg 1024w, https:\/\/kapry.fr\/wp-content\/uploads\/2026\/03\/DSC3880.jpg 1280w\" sizes=\"auto, (max-width: 683px) 100vw, 683px\" \/><\/figure>\n\n\n\n<figure class=\"wp-block-image size-large\"><img loading=\"lazy\" decoding=\"async\" width=\"683\" height=\"1024\" src=\"https:\/\/kapry.fr\/wp-content\/uploads\/2026\/03\/DSC0613-683x1024.jpg\" alt=\"\" class=\"wp-image-1996\" srcset=\"https:\/\/kapry.fr\/wp-content\/uploads\/2026\/03\/DSC0613-683x1024.jpg 683w, https:\/\/kapry.fr\/wp-content\/uploads\/2026\/03\/DSC0613-200x300.jpg 200w, https:\/\/kapry.fr\/wp-content\/uploads\/2026\/03\/DSC0613-768x1152.jpg 768w, https:\/\/kapry.fr\/wp-content\/uploads\/2026\/03\/DSC0613-1024x1536.jpg 1024w, https:\/\/kapry.fr\/wp-content\/uploads\/2026\/03\/DSC0613.jpg 1280w\" sizes=\"auto, (max-width: 683px) 100vw, 683px\" \/><\/figure>\n\n\n\n<figure class=\"wp-block-image size-large\"><img loading=\"lazy\" decoding=\"async\" width=\"1024\" height=\"1024\" src=\"https:\/\/kapry.fr\/wp-content\/uploads\/2026\/03\/DSC03656-1024x1024.jpg\" alt=\"\" class=\"wp-image-2004\" srcset=\"https:\/\/kapry.fr\/wp-content\/uploads\/2026\/03\/DSC03656-1024x1024.jpg 1024w, https:\/\/kapry.fr\/wp-content\/uploads\/2026\/03\/DSC03656-300x300.jpg 300w, https:\/\/kapry.fr\/wp-content\/uploads\/2026\/03\/DSC03656-150x150.jpg 150w, https:\/\/kapry.fr\/wp-content\/uploads\/2026\/03\/DSC03656-768x768.jpg 768w, https:\/\/kapry.fr\/wp-content\/uploads\/2026\/03\/DSC03656-1536x1536.jpg 1536w, https:\/\/kapry.fr\/wp-content\/uploads\/2026\/03\/DSC03656.jpg 1920w\" sizes=\"auto, (max-width: 1024px) 100vw, 1024px\" \/><\/figure>\n\n\n\n<figure class=\"wp-block-image size-large\"><img loading=\"lazy\" decoding=\"async\" width=\"1024\" height=\"1024\" src=\"https:\/\/kapry.fr\/wp-content\/uploads\/2026\/03\/DSC00373-1024x1024.jpg\" alt=\"\" class=\"wp-image-2000\" srcset=\"https:\/\/kapry.fr\/wp-content\/uploads\/2026\/03\/DSC00373-1024x1024.jpg 1024w, https:\/\/kapry.fr\/wp-content\/uploads\/2026\/03\/DSC00373-300x300.jpg 300w, https:\/\/kapry.fr\/wp-content\/uploads\/2026\/03\/DSC00373-150x150.jpg 150w, https:\/\/kapry.fr\/wp-content\/uploads\/2026\/03\/DSC00373-768x768.jpg 768w, https:\/\/kapry.fr\/wp-content\/uploads\/2026\/03\/DSC00373-1536x1536.jpg 1536w, https:\/\/kapry.fr\/wp-content\/uploads\/2026\/03\/DSC00373.jpg 1920w\" sizes=\"auto, (max-width: 1024px) 100vw, 1024px\" \/><\/figure>\n\n\n\n<figure class=\"wp-block-image size-large\"><img loading=\"lazy\" decoding=\"async\" width=\"1024\" height=\"1024\" src=\"https:\/\/kapry.fr\/wp-content\/uploads\/2026\/03\/DSC01950-Modifier-1024x1024.jpg\" alt=\"\" class=\"wp-image-2003\" srcset=\"https:\/\/kapry.fr\/wp-content\/uploads\/2026\/03\/DSC01950-Modifier-1024x1024.jpg 1024w, https:\/\/kapry.fr\/wp-content\/uploads\/2026\/03\/DSC01950-Modifier-300x300.jpg 300w, https:\/\/kapry.fr\/wp-content\/uploads\/2026\/03\/DSC01950-Modifier-150x150.jpg 150w, https:\/\/kapry.fr\/wp-content\/uploads\/2026\/03\/DSC01950-Modifier-768x768.jpg 768w, https:\/\/kapry.fr\/wp-content\/uploads\/2026\/03\/DSC01950-Modifier-1536x1536.jpg 1536w, https:\/\/kapry.fr\/wp-content\/uploads\/2026\/03\/DSC01950-Modifier.jpg 1920w\" sizes=\"auto, (max-width: 1024px) 100vw, 1024px\" \/><\/figure>\n","protected":false},"excerpt":{"rendered":"<p>Un jardin en p\u00e9riph\u00e9rie de Paris et \u00e0 la pente marqu\u00e9e. Une fr\u00e9quentation jeune, populaire et bigarr\u00e9e. Ici on peut [&hellip;]<\/p>\n","protected":false},"author":1,"featured_media":0,"parent":0,"menu_order":0,"comment_status":"closed","ping_status":"closed","template":"","meta":{"site-sidebar-layout":"default","site-content-layout":"","ast-site-content-layout":"default","site-content-style":"default","site-sidebar-style":"default","ast-global-header-display":"","ast-banner-title-visibility":"","ast-main-header-display":"","ast-hfb-above-header-display":"","ast-hfb-below-header-display":"","ast-hfb-mobile-header-display":"","site-post-title":"","ast-breadcrumbs-content":"","ast-featured-img":"","footer-sml-layout":"","ast-disable-related-posts":"","theme-transparent-header-meta":"","adv-header-id-meta":"","stick-header-meta":"","header-above-stick-meta":"","header-main-stick-meta":"","header-below-stick-meta":"","astra-migrate-meta-layouts":"default","ast-page-background-enabled":"default","ast-page-background-meta":{"desktop":{"background-color":"var(--ast-global-color-5)","background-image":"","background-repeat":"repeat","background-position":"center center","background-size":"auto","background-attachment":"scroll","background-type":"","background-media":"","overlay-type":"","overlay-color":"","overlay-opacity":"","overlay-gradient":""},"tablet":{"background-color":"","background-image":"","background-repeat":"repeat","background-position":"center center","background-size":"auto","background-attachment":"scroll","background-type":"","background-media":"","overlay-type":"","overlay-color":"","overlay-opacity":"","overlay-gradient":""},"mobile":{"background-color":"","background-image":"","background-repeat":"repeat","background-position":"center center","background-size":"auto","background-attachment":"scroll","background-type":"","background-media":"","overlay-type":"","overlay-color":"","overlay-opacity":"","overlay-gradient":""}},"ast-content-background-meta":{"desktop":{"background-color":"var(--ast-global-color-4)","background-image":"","background-repeat":"repeat","background-position":"center center","background-size":"auto","background-attachment":"scroll","background-type":"","background-media":"","overlay-type":"","overlay-color":"","overlay-opacity":"","overlay-gradient":""},"tablet":{"background-color":"var(--ast-global-color-4)","background-image":"","background-repeat":"repeat","background-position":"center center","background-size":"auto","background-attachment":"scroll","background-type":"","background-media":"","overlay-type":"","overlay-color":"","overlay-opacity":"","overlay-gradient":""},"mobile":{"background-color":"var(--ast-global-color-4)","background-image":"","background-repeat":"repeat","background-position":"center center","background-size":"auto","background-attachment":"scroll","background-type":"","background-media":"","overlay-type":"","overlay-color":"","overlay-opacity":"","overlay-gradient":""}},"footnotes":""},"class_list":["post-1959","page","type-page","status-publish","hentry"],"_links":{"self":[{"href":"https:\/\/kapry.fr\/index.php\/wp-json\/wp\/v2\/pages\/1959","targetHints":{"allow":["GET"]}}],"collection":[{"href":"https:\/\/kapry.fr\/index.php\/wp-json\/wp\/v2\/pages"}],"about":[{"href":"https:\/\/kapry.fr\/index.php\/wp-json\/wp\/v2\/types\/page"}],"author":[{"embeddable":true,"href":"https:\/\/kapry.fr\/index.php\/wp-json\/wp\/v2\/users\/1"}],"replies":[{"embeddable":true,"href":"https:\/\/kapry.fr\/index.php\/wp-json\/wp\/v2\/comments?post=1959"}],"version-history":[{"count":10,"href":"https:\/\/kapry.fr\/index.php\/wp-json\/wp\/v2\/pages\/1959\/revisions"}],"predecessor-version":[{"id":2013,"href":"https:\/\/kapry.fr\/index.php\/wp-json\/wp\/v2\/pages\/1959\/revisions\/2013"}],"wp:attachment":[{"href":"https:\/\/kapry.fr\/index.php\/wp-json\/wp\/v2\/media?parent=1959"}],"curies":[{"name":"wp","href":"https:\/\/api.w.org\/{rel}","templated":true}]}}