{"id":1963,"date":"2026-03-24T19:12:59","date_gmt":"2026-03-24T18:12:59","guid":{"rendered":"https:\/\/kapry.fr\/?page_id=1963"},"modified":"2026-03-31T21:05:01","modified_gmt":"2026-03-31T19:05:01","slug":"une-commune-paimpol","status":"publish","type":"page","link":"https:\/\/kapry.fr\/index.php\/une-commune-paimpol\/","title":{"rendered":"Une commune : Paimpol"},"content":{"rendered":"\n<p>Paimpol, c&rsquo;est un port au c\u0153ur de la ville. Ce matin l\u00e0, la mer avait amen\u00e9 de la brume jusqu&rsquo;au c\u0153ur de la ville.<\/p>\n\n\n\n<figure class=\"wp-block-image size-large\"><img loading=\"lazy\" decoding=\"async\" width=\"1024\" height=\"683\" src=\"https:\/\/kapry.fr\/wp-content\/uploads\/2026\/03\/DSC06604-1024x683.jpg\" alt=\"\" class=\"wp-image-2064\" srcset=\"https:\/\/kapry.fr\/wp-content\/uploads\/2026\/03\/DSC06604-1024x683.jpg 1024w, https:\/\/kapry.fr\/wp-content\/uploads\/2026\/03\/DSC06604-300x200.jpg 300w, https:\/\/kapry.fr\/wp-content\/uploads\/2026\/03\/DSC06604-768x512.jpg 768w, https:\/\/kapry.fr\/wp-content\/uploads\/2026\/03\/DSC06604-1536x1024.jpg 1536w, https:\/\/kapry.fr\/wp-content\/uploads\/2026\/03\/DSC06604.jpg 1920w\" sizes=\"auto, (max-width: 1024px) 100vw, 1024px\" \/><\/figure>\n\n\n\n<figure class=\"wp-block-image size-large\"><img loading=\"lazy\" decoding=\"async\" width=\"1024\" height=\"683\" src=\"https:\/\/kapry.fr\/wp-content\/uploads\/2026\/03\/DSC06657-1024x683.jpg\" alt=\"\" class=\"wp-image-2076\" srcset=\"https:\/\/kapry.fr\/wp-content\/uploads\/2026\/03\/DSC06657-1024x683.jpg 1024w, https:\/\/kapry.fr\/wp-content\/uploads\/2026\/03\/DSC06657-300x200.jpg 300w, https:\/\/kapry.fr\/wp-content\/uploads\/2026\/03\/DSC06657-768x512.jpg 768w, https:\/\/kapry.fr\/wp-content\/uploads\/2026\/03\/DSC06657-1536x1024.jpg 1536w, https:\/\/kapry.fr\/wp-content\/uploads\/2026\/03\/DSC06657.jpg 1920w\" sizes=\"auto, (max-width: 1024px) 100vw, 1024px\" \/><\/figure>\n\n\n\n<figure class=\"wp-block-gallery has-nested-images columns-default is-cropped wp-block-gallery-1 is-layout-flex wp-block-gallery-is-layout-flex\">\n<figure class=\"wp-block-image size-large\"><img loading=\"lazy\" decoding=\"async\" width=\"683\" height=\"1024\" data-id=\"2075\" src=\"https:\/\/kapry.fr\/wp-content\/uploads\/2026\/03\/DSC06654-683x1024.jpg\" alt=\"\" class=\"wp-image-2075\" srcset=\"https:\/\/kapry.fr\/wp-content\/uploads\/2026\/03\/DSC06654-683x1024.jpg 683w, https:\/\/kapry.fr\/wp-content\/uploads\/2026\/03\/DSC06654-200x300.jpg 200w, https:\/\/kapry.fr\/wp-content\/uploads\/2026\/03\/DSC06654-768x1152.jpg 768w, https:\/\/kapry.fr\/wp-content\/uploads\/2026\/03\/DSC06654-1024x1536.jpg 1024w, https:\/\/kapry.fr\/wp-content\/uploads\/2026\/03\/DSC06654.jpg 1280w\" sizes=\"auto, (max-width: 683px) 100vw, 683px\" \/><\/figure>\n\n\n\n<figure class=\"wp-block-image size-large\"><img loading=\"lazy\" decoding=\"async\" width=\"576\" height=\"1024\" data-id=\"2074\" src=\"https:\/\/kapry.fr\/wp-content\/uploads\/2026\/03\/DSC06652-576x1024.jpg\" alt=\"\" class=\"wp-image-2074\" srcset=\"https:\/\/kapry.fr\/wp-content\/uploads\/2026\/03\/DSC06652-576x1024.jpg 576w, https:\/\/kapry.fr\/wp-content\/uploads\/2026\/03\/DSC06652-169x300.jpg 169w, https:\/\/kapry.fr\/wp-content\/uploads\/2026\/03\/DSC06652-768x1365.jpg 768w, https:\/\/kapry.fr\/wp-content\/uploads\/2026\/03\/DSC06652-864x1536.jpg 864w, https:\/\/kapry.fr\/wp-content\/uploads\/2026\/03\/DSC06652.jpg 1080w\" sizes=\"auto, (max-width: 576px) 100vw, 576px\" \/><\/figure>\n<\/figure>\n\n\n\n<figure class=\"wp-block-image size-large is-resized\"><img loading=\"lazy\" decoding=\"async\" width=\"1024\" height=\"683\" src=\"https:\/\/kapry.fr\/wp-content\/uploads\/2026\/03\/DSC06612-1024x683.jpg\" alt=\"\" class=\"wp-image-2066\" style=\"width:1024px;height:auto\" srcset=\"https:\/\/kapry.fr\/wp-content\/uploads\/2026\/03\/DSC06612-1024x683.jpg 1024w, https:\/\/kapry.fr\/wp-content\/uploads\/2026\/03\/DSC06612-300x200.jpg 300w, https:\/\/kapry.fr\/wp-content\/uploads\/2026\/03\/DSC06612-768x512.jpg 768w, https:\/\/kapry.fr\/wp-content\/uploads\/2026\/03\/DSC06612-1536x1024.jpg 1536w, https:\/\/kapry.fr\/wp-content\/uploads\/2026\/03\/DSC06612.jpg 1920w\" sizes=\"auto, (max-width: 1024px) 100vw, 1024px\" \/><\/figure>\n\n\n\n<figure class=\"wp-block-image size-large\"><img loading=\"lazy\" decoding=\"async\" width=\"683\" height=\"1024\" src=\"https:\/\/kapry.fr\/wp-content\/uploads\/2026\/03\/DSC06608-683x1024.jpg\" alt=\"\" class=\"wp-image-2065\" srcset=\"https:\/\/kapry.fr\/wp-content\/uploads\/2026\/03\/DSC06608-683x1024.jpg 683w, https:\/\/kapry.fr\/wp-content\/uploads\/2026\/03\/DSC06608-200x300.jpg 200w, https:\/\/kapry.fr\/wp-content\/uploads\/2026\/03\/DSC06608-768x1152.jpg 768w, https:\/\/kapry.fr\/wp-content\/uploads\/2026\/03\/DSC06608-1024x1536.jpg 1024w, https:\/\/kapry.fr\/wp-content\/uploads\/2026\/03\/DSC06608.jpg 1280w\" sizes=\"auto, (max-width: 683px) 100vw, 683px\" \/><\/figure>\n\n\n\n<figure class=\"wp-block-image size-large\"><img loading=\"lazy\" decoding=\"async\" width=\"1024\" height=\"683\" src=\"https:\/\/kapry.fr\/wp-content\/uploads\/2026\/03\/DSC06628-1024x683.jpg\" alt=\"\" class=\"wp-image-2068\" srcset=\"https:\/\/kapry.fr\/wp-content\/uploads\/2026\/03\/DSC06628-1024x683.jpg 1024w, https:\/\/kapry.fr\/wp-content\/uploads\/2026\/03\/DSC06628-300x200.jpg 300w, https:\/\/kapry.fr\/wp-content\/uploads\/2026\/03\/DSC06628-768x512.jpg 768w, https:\/\/kapry.fr\/wp-content\/uploads\/2026\/03\/DSC06628-1536x1024.jpg 1536w, https:\/\/kapry.fr\/wp-content\/uploads\/2026\/03\/DSC06628.jpg 1920w\" sizes=\"auto, (max-width: 1024px) 100vw, 1024px\" \/><\/figure>\n\n\n\n<figure class=\"wp-block-image size-large\"><img loading=\"lazy\" decoding=\"async\" width=\"1024\" height=\"683\" src=\"https:\/\/kapry.fr\/wp-content\/uploads\/2026\/03\/DSC06630-1024x683.jpg\" alt=\"\" class=\"wp-image-2069\" srcset=\"https:\/\/kapry.fr\/wp-content\/uploads\/2026\/03\/DSC06630-1024x683.jpg 1024w, https:\/\/kapry.fr\/wp-content\/uploads\/2026\/03\/DSC06630-300x200.jpg 300w, https:\/\/kapry.fr\/wp-content\/uploads\/2026\/03\/DSC06630-768x512.jpg 768w, https:\/\/kapry.fr\/wp-content\/uploads\/2026\/03\/DSC06630-1536x1024.jpg 1536w, https:\/\/kapry.fr\/wp-content\/uploads\/2026\/03\/DSC06630.jpg 1920w\" sizes=\"auto, (max-width: 1024px) 100vw, 1024px\" \/><\/figure>\n\n\n\n<figure class=\"wp-block-image size-large\"><img loading=\"lazy\" decoding=\"async\" width=\"1024\" height=\"683\" src=\"https:\/\/kapry.fr\/wp-content\/uploads\/2026\/03\/DSC06634-1024x683.jpg\" alt=\"\" class=\"wp-image-2071\" srcset=\"https:\/\/kapry.fr\/wp-content\/uploads\/2026\/03\/DSC06634-1024x683.jpg 1024w, https:\/\/kapry.fr\/wp-content\/uploads\/2026\/03\/DSC06634-300x200.jpg 300w, https:\/\/kapry.fr\/wp-content\/uploads\/2026\/03\/DSC06634-768x512.jpg 768w, https:\/\/kapry.fr\/wp-content\/uploads\/2026\/03\/DSC06634-1536x1024.jpg 1536w, https:\/\/kapry.fr\/wp-content\/uploads\/2026\/03\/DSC06634.jpg 1920w\" sizes=\"auto, (max-width: 1024px) 100vw, 1024px\" \/><\/figure>\n\n\n\n<figure class=\"wp-block-image size-large\"><img loading=\"lazy\" decoding=\"async\" width=\"1024\" height=\"683\" src=\"https:\/\/kapry.fr\/wp-content\/uploads\/2026\/03\/DSC06636-1024x683.jpg\" alt=\"\" class=\"wp-image-2072\" srcset=\"https:\/\/kapry.fr\/wp-content\/uploads\/2026\/03\/DSC06636-1024x683.jpg 1024w, https:\/\/kapry.fr\/wp-content\/uploads\/2026\/03\/DSC06636-300x200.jpg 300w, https:\/\/kapry.fr\/wp-content\/uploads\/2026\/03\/DSC06636-768x512.jpg 768w, https:\/\/kapry.fr\/wp-content\/uploads\/2026\/03\/DSC06636-1536x1024.jpg 1536w, https:\/\/kapry.fr\/wp-content\/uploads\/2026\/03\/DSC06636.jpg 1920w\" sizes=\"auto, (max-width: 1024px) 100vw, 1024px\" \/><\/figure>\n","protected":false},"excerpt":{"rendered":"<p>Paimpol, c&rsquo;est un port au c\u0153ur de la ville. Ce matin l\u00e0, la mer avait amen\u00e9 de la brume jusqu&rsquo;au [&hellip;]<\/p>\n","protected":false},"author":1,"featured_media":0,"parent":0,"menu_order":0,"comment_status":"closed","ping_status":"closed","template":"","meta":{"site-sidebar-layout":"default","site-content-layout":"","ast-site-content-layout":"default","site-content-style":"default","site-sidebar-style":"default","ast-global-header-display":"","ast-banner-title-visibility":"","ast-main-header-display":"","ast-hfb-above-header-display":"","ast-hfb-below-header-display":"","ast-hfb-mobile-header-display":"","site-post-title":"","ast-breadcrumbs-content":"","ast-featured-img":"","footer-sml-layout":"","ast-disable-related-posts":"","theme-transparent-header-meta":"","adv-header-id-meta":"","stick-header-meta":"","header-above-stick-meta":"","header-main-stick-meta":"","header-below-stick-meta":"","astra-migrate-meta-layouts":"default","ast-page-background-enabled":"default","ast-page-background-meta":{"desktop":{"background-color":"var(--ast-global-color-5)","background-image":"","background-repeat":"repeat","background-position":"center center","background-size":"auto","background-attachment":"scroll","background-type":"","background-media":"","overlay-type":"","overlay-color":"","overlay-opacity":"","overlay-gradient":""},"tablet":{"background-color":"","background-image":"","background-repeat":"repeat","background-position":"center center","background-size":"auto","background-attachment":"scroll","background-type":"","background-media":"","overlay-type":"","overlay-color":"","overlay-opacity":"","overlay-gradient":""},"mobile":{"background-color":"","background-image":"","background-repeat":"repeat","background-position":"center center","background-size":"auto","background-attachment":"scroll","background-type":"","background-media":"","overlay-type":"","overlay-color":"","overlay-opacity":"","overlay-gradient":""}},"ast-content-background-meta":{"desktop":{"background-color":"var(--ast-global-color-4)","background-image":"","background-repeat":"repeat","background-position":"center center","background-size":"auto","background-attachment":"scroll","background-type":"","background-media":"","overlay-type":"","overlay-color":"","overlay-opacity":"","overlay-gradient":""},"tablet":{"background-color":"var(--ast-global-color-4)","background-image":"","background-repeat":"repeat","background-position":"center center","background-size":"auto","background-attachment":"scroll","background-type":"","background-media":"","overlay-type":"","overlay-color":"","overlay-opacity":"","overlay-gradient":""},"mobile":{"background-color":"var(--ast-global-color-4)","background-image":"","background-repeat":"repeat","background-position":"center center","background-size":"auto","background-attachment":"scroll","background-type":"","background-media":"","overlay-type":"","overlay-color":"","overlay-opacity":"","overlay-gradient":""}},"footnotes":""},"class_list":["post-1963","page","type-page","status-publish","hentry"],"_links":{"self":[{"href":"https:\/\/kapry.fr\/index.php\/wp-json\/wp\/v2\/pages\/1963","targetHints":{"allow":["GET"]}}],"collection":[{"href":"https:\/\/kapry.fr\/index.php\/wp-json\/wp\/v2\/pages"}],"about":[{"href":"https:\/\/kapry.fr\/index.php\/wp-json\/wp\/v2\/types\/page"}],"author":[{"embeddable":true,"href":"https:\/\/kapry.fr\/index.php\/wp-json\/wp\/v2\/users\/1"}],"replies":[{"embeddable":true,"href":"https:\/\/kapry.fr\/index.php\/wp-json\/wp\/v2\/comments?post=1963"}],"version-history":[{"count":11,"href":"https:\/\/kapry.fr\/index.php\/wp-json\/wp\/v2\/pages\/1963\/revisions"}],"predecessor-version":[{"id":2083,"href":"https:\/\/kapry.fr\/index.php\/wp-json\/wp\/v2\/pages\/1963\/revisions\/2083"}],"wp:attachment":[{"href":"https:\/\/kapry.fr\/index.php\/wp-json\/wp\/v2\/media?parent=1963"}],"curies":[{"name":"wp","href":"https:\/\/api.w.org\/{rel}","templated":true}]}}